{"id":468,"date":"2025-01-21T21:14:36","date_gmt":"2025-01-21T21:14:36","guid":{"rendered":"https:\/\/dedetizadora.camilavarelasites.com\/?page_id=468"},"modified":"2025-04-28T18:15:22","modified_gmt":"2025-04-28T18:15:22","slug":"controle-de-pombos","status":"publish","type":"page","link":"https:\/\/dedetizadoraramos.com.br\/?page_id=468","title":{"rendered":"Controle de pombos"},"content":{"rendered":"\t\t<div data-elementor-type=\"wp-page\" data-elementor-id=\"468\" class=\"elementor elementor-468\">\n\t\t\t\t<div class=\"elementor-element elementor-element-ddf7e46 e-flex e-con-boxed wpr-particle-no wpr-jarallax-no wpr-parallax-no wpr-sticky-section-no e-con e-parent\" data-id=\"ddf7e46\" data-element_type=\"container\" data-settings=\"{&quot;background_background&quot;:&quot;classic&quot;,&quot;shape_divider_bottom&quot;:&quot;opacity-fan&quot;}\">\n\t\t\t\t\t<div class=\"e-con-inner\">\n\t\t\t\t<div class=\"elementor-shape elementor-shape-bottom\" data-negative=\"false\">\n\t\t\t<svg xmlns=\"http:\/\/www.w3.org\/2000\/svg\" viewBox=\"0 0 283.5 19.6\" preserveAspectRatio=\"none\">\n\t<path class=\"elementor-shape-fill\" style=\"opacity:0.33\" d=\"M0 0L0 18.8 141.8 4.1 283.5 18.8 283.5 0z\"\/>\n\t<path class=\"elementor-shape-fill\" style=\"opacity:0.33\" d=\"M0 0L0 12.6 141.8 4 283.5 12.6 283.5 0z\"\/>\n\t<path class=\"elementor-shape-fill\" style=\"opacity:0.33\" d=\"M0 0L0 6.4 141.8 4 283.5 6.4 283.5 0z\"\/>\n\t<path class=\"elementor-shape-fill\" d=\"M0 0L0 1.2 141.8 4 283.5 1.2 283.5 0z\"\/>\n<\/svg>\t\t<\/div>\n\t\t\t\t<div class=\"elementor-element elementor-element-1345af2 animated-slow elementor-invisible elementor-widget elementor-widget-heading\" data-id=\"1345af2\" data-element_type=\"widget\" data-settings=\"{&quot;_animation&quot;:&quot;zoomIn&quot;}\" data-widget_type=\"heading.default\">\n\t\t\t\t<div class=\"elementor-widget-container\">\n\t\t\t\t\t<h2 class=\"elementor-heading-title elementor-size-default\">CONTROLE DE POMBOS: UMA SOLU\u00c7\u00c3O PARA UM PROBLEMA COMUM<\/h2>\t\t\t\t<\/div>\n\t\t\t\t<\/div>\n\t\t\t\t\t<\/div>\n\t\t\t\t<\/div>\n\t\t<div class=\"elementor-element elementor-element-0483e32 e-flex e-con-boxed wpr-particle-no wpr-jarallax-no wpr-parallax-no wpr-sticky-section-no e-con e-parent\" data-id=\"0483e32\" data-element_type=\"container\">\n\t\t\t\t\t<div class=\"e-con-inner\">\n\t\t<div class=\"elementor-element elementor-element-63f193f e-con-full e-flex wpr-particle-no wpr-jarallax-no wpr-parallax-no wpr-sticky-section-no e-con e-child\" data-id=\"63f193f\" data-element_type=\"container\">\n\t\t<div class=\"elementor-element elementor-element-d31233e e-con-full e-flex wpr-particle-no wpr-jarallax-no wpr-parallax-no wpr-sticky-section-no e-con e-child\" data-id=\"d31233e\" data-element_type=\"container\">\n\t\t\t\t<div class=\"elementor-element elementor-element-500b6dc elementor-widget elementor-widget-image\" data-id=\"500b6dc\" data-element_type=\"widget\" data-widget_type=\"image.default\">\n\t\t\t\t<div class=\"elementor-widget-container\">\n\t\t\t\t\t\t\t\t\t\t\t\t\t\t\t<img fetchpriority=\"high\" decoding=\"async\" width=\"1200\" height=\"628\" src=\"https:\/\/dedetizadoraramos.com.br\/wp-content\/uploads\/2025\/01\/controle-de-pombos.png\" class=\"attachment-full size-full wp-image-695\" alt=\"controle de pombos\" srcset=\"https:\/\/dedetizadoraramos.com.br\/wp-content\/uploads\/2025\/01\/controle-de-pombos.png 1200w, https:\/\/dedetizadoraramos.com.br\/wp-content\/uploads\/2025\/01\/controle-de-pombos-300x157.png 300w, https:\/\/dedetizadoraramos.com.br\/wp-content\/uploads\/2025\/01\/controle-de-pombos-1024x536.png 1024w, https:\/\/dedetizadoraramos.com.br\/wp-content\/uploads\/2025\/01\/controle-de-pombos-768x402.png 768w\" sizes=\"(max-width: 1200px) 100vw, 1200px\" \/>\t\t\t\t\t\t\t\t\t\t\t\t\t\t\t<\/div>\n\t\t\t\t<\/div>\n\t\t\t\t<div class=\"elementor-element elementor-element-b83157f animated-slow elementor-invisible elementor-widget elementor-widget-heading\" data-id=\"b83157f\" data-element_type=\"widget\" data-settings=\"{&quot;_animation&quot;:&quot;zoomIn&quot;}\" data-widget_type=\"heading.default\">\n\t\t\t\t<div class=\"elementor-widget-container\">\n\t\t\t\t\t<h2 class=\"elementor-heading-title elementor-size-default\">Controle de pombos<\/h2>\t\t\t\t<\/div>\n\t\t\t\t<\/div>\n\t\t\t\t<\/div>\n\t\t\t\t<div class=\"elementor-element elementor-element-243d05b elementor-widget elementor-widget-text-editor\" data-id=\"243d05b\" data-element_type=\"widget\" data-widget_type=\"text-editor.default\">\n\t\t\t\t<div class=\"elementor-widget-container\">\n\t\t\t\t\t\t\t\t\t<p>O controle de pombos \u00e9 um assunto que preocupa muitas pessoas, tanto em ambientes<br>urbanos quanto em \u00e1reas rurais. Essas aves, embora pare\u00e7am inofensivas, podem causar<br>diversos problemas, como:<\/p>\n<p><strong>\u2022 Transmiss\u00e3o de doen\u00e7as:<\/strong> As fezes de pombos podem carregar diversas<br>doen\u00e7as, como histoplasmose e criptococose.<br><strong>\u2022 Danos em estruturas:<\/strong> Pombos podem danificar edif\u00edcios com suas fezes<br>corrosivas e ninhos.<\/p>\n<p><strong>\u2022 Inc\u00f4modo e sujeira:<\/strong> O barulho e a sujeira causados pelos pombos podem tornar<br>o ambiente desagrad\u00e1vel.<br><strong>\u2022 Remo\u00e7\u00e3o de ninhos e fezes:<\/strong><\/p>\n<p><strong>\u2022 Limpeza profissional:<\/strong> Contratar uma empresa especializada para remover<br>ninhos e fezes de pombos, utilizando os equipamentos de prote\u00e7\u00e3o individual<br>adequados.<\/p>\n<p><br><\/p>\t\t\t\t\t\t\t\t<\/div>\n\t\t\t\t<\/div>\n\t\t\t\t<\/div>\n\t\t<div class=\"elementor-element elementor-element-67b4097 e-con-full e-flex wpr-particle-no wpr-jarallax-no wpr-parallax-no wpr-sticky-section-no e-con e-child\" data-id=\"67b4097\" data-element_type=\"container\">\n\t\t<div class=\"elementor-element elementor-element-7b27437 e-con-full e-flex wpr-particle-no wpr-jarallax-no wpr-parallax-no wpr-sticky-section-no e-con e-child\" data-id=\"7b27437\" data-element_type=\"container\">\n\t\t\t\t<div class=\"elementor-element elementor-element-9f70fab elementor-align-center animated-slow elementor-invisible elementor-widget elementor-widget-button\" data-id=\"9f70fab\" data-element_type=\"widget\" data-settings=\"{&quot;_animation&quot;:&quot;jello&quot;}\" data-widget_type=\"button.default\">\n\t\t\t\t<div class=\"elementor-widget-container\">\n\t\t\t\t\t\t\t\t\t<div class=\"elementor-button-wrapper\">\n\t\t\t\t\t<a class=\"elementor-button elementor-button-link elementor-size-sm\" href=\"https:\/\/wa.me\/5511915004224\">\n\t\t\t\t\t\t<span class=\"elementor-button-content-wrapper\">\n\t\t\t\t\t\t<span class=\"elementor-button-icon\">\n\t\t\t\t<svg aria-hidden=\"true\" class=\"e-font-icon-svg e-fab-whatsapp\" viewBox=\"0 0 448 512\" xmlns=\"http:\/\/www.w3.org\/2000\/svg\"><path d=\"M380.9 97.1C339 55.1 283.2 32 223.9 32c-122.4 0-222 99.6-222 222 0 39.1 10.2 77.3 29.6 111L0 480l117.7-30.9c32.4 17.7 68.9 27 106.1 27h.1c122.3 0 224.1-99.6 224.1-222 0-59.3-25.2-115-67.1-157zm-157 341.6c-33.2 0-65.7-8.9-94-25.7l-6.7-4-69.8 18.3L72 359.2l-4.4-7c-18.5-29.4-28.2-63.3-28.2-98.2 0-101.7 82.8-184.5 184.6-184.5 49.3 0 95.6 19.2 130.4 54.1 34.8 34.9 56.2 81.2 56.1 130.5 0 101.8-84.9 184.6-186.6 184.6zm101.2-138.2c-5.5-2.8-32.8-16.2-37.9-18-5.1-1.9-8.8-2.8-12.5 2.8-3.7 5.6-14.3 18-17.6 21.8-3.2 3.7-6.5 4.2-12 1.4-32.6-16.3-54-29.1-75.5-66-5.7-9.8 5.7-9.1 16.3-30.3 1.8-3.7.9-6.9-.5-9.7-1.4-2.8-12.5-30.1-17.1-41.2-4.5-10.8-9.1-9.3-12.5-9.5-3.2-.2-6.9-.2-10.6-.2-3.7 0-9.7 1.4-14.8 6.9-5.1 5.6-19.4 19-19.4 46.3 0 27.3 19.9 53.7 22.6 57.4 2.8 3.7 39.1 59.7 94.8 83.8 35.2 15.2 49 16.5 66.6 13.9 10.7-1.6 32.8-13.4 37.4-26.4 4.6-13 4.6-24.1 3.2-26.4-1.3-2.5-5-3.9-10.5-6.6z\"><\/path><\/svg>\t\t\t<\/span>\n\t\t\t\t\t\t\t\t\t<span class=\"elementor-button-text\">FA\u00c7A UM OR\u00c7AMENTO<\/span>\n\t\t\t\t\t<\/span>\n\t\t\t\t\t<\/a>\n\t\t\t\t<\/div>\n\t\t\t\t\t\t\t\t<\/div>\n\t\t\t\t<\/div>\n\t\t\t\t<div class=\"elementor-element elementor-element-e8b12cc animated-slow elementor-invisible elementor-widget elementor-widget-heading\" data-id=\"e8b12cc\" data-element_type=\"widget\" data-settings=\"{&quot;_animation&quot;:&quot;zoomIn&quot;}\" data-widget_type=\"heading.default\">\n\t\t\t\t<div class=\"elementor-widget-container\">\n\t\t\t\t\t<h2 class=\"elementor-heading-title elementor-size-default\">OUTROS SERVI\u00c7OS<\/h2>\t\t\t\t<\/div>\n\t\t\t\t<\/div>\n\t\t\t\t<div class=\"elementor-element elementor-element-be0dc7f elementor-align-left animated-slow elementor-icon-list--layout-traditional elementor-list-item-link-full_width elementor-invisible elementor-widget elementor-widget-icon-list\" data-id=\"be0dc7f\" data-element_type=\"widget\" data-settings=\"{&quot;_animation&quot;:&quot;zoomIn&quot;}\" data-widget_type=\"icon-list.default\">\n\t\t\t\t<div class=\"elementor-widget-container\">\n\t\t\t\t\t\t\t<ul class=\"elementor-icon-list-items\">\n\t\t\t\t\t\t\t<li class=\"elementor-icon-list-item\">\n\t\t\t\t\t\t\t\t\t\t\t<a href=\"https:\/\/dedetizadoraramos.com.br\/?page_id=460\">\n\n\t\t\t\t\t\t\t\t\t\t\t\t<span class=\"elementor-icon-list-icon\">\n\t\t\t\t\t\t\t<svg aria-hidden=\"true\" class=\"e-font-icon-svg e-fas-arrow-right\" viewBox=\"0 0 448 512\" xmlns=\"http:\/\/www.w3.org\/2000\/svg\"><path d=\"M190.5 66.9l22.2-22.2c9.4-9.4 24.6-9.4 33.9 0L441 239c9.4 9.4 9.4 24.6 0 33.9L246.6 467.3c-9.4 9.4-24.6 9.4-33.9 0l-22.2-22.2c-9.5-9.5-9.3-25 .4-34.3L311.4 296H24c-13.3 0-24-10.7-24-24v-32c0-13.3 10.7-24 24-24h287.4L190.9 101.2c-9.8-9.3-10-24.8-.4-34.3z\"><\/path><\/svg>\t\t\t\t\t\t<\/span>\n\t\t\t\t\t\t\t\t\t\t<span class=\"elementor-icon-list-text\">Dedetiza\u00e7\u00e3o<\/span>\n\t\t\t\t\t\t\t\t\t\t\t<\/a>\n\t\t\t\t\t\t\t\t\t<\/li>\n\t\t\t\t\t\t\t\t<li class=\"elementor-icon-list-item\">\n\t\t\t\t\t\t\t\t\t\t\t<a href=\"https:\/\/dedetizadoraramos.com.br\/?page_id=462\">\n\n\t\t\t\t\t\t\t\t\t\t\t\t<span class=\"elementor-icon-list-icon\">\n\t\t\t\t\t\t\t<svg aria-hidden=\"true\" class=\"e-font-icon-svg e-fas-arrow-right\" viewBox=\"0 0 448 512\" xmlns=\"http:\/\/www.w3.org\/2000\/svg\"><path d=\"M190.5 66.9l22.2-22.2c9.4-9.4 24.6-9.4 33.9 0L441 239c9.4 9.4 9.4 24.6 0 33.9L246.6 467.3c-9.4 9.4-24.6 9.4-33.9 0l-22.2-22.2c-9.5-9.5-9.3-25 .4-34.3L311.4 296H24c-13.3 0-24-10.7-24-24v-32c0-13.3 10.7-24 24-24h287.4L190.9 101.2c-9.8-9.3-10-24.8-.4-34.3z\"><\/path><\/svg>\t\t\t\t\t\t<\/span>\n\t\t\t\t\t\t\t\t\t\t<span class=\"elementor-icon-list-text\">Descupiniza\u00e7\u00e3o<\/span>\n\t\t\t\t\t\t\t\t\t\t\t<\/a>\n\t\t\t\t\t\t\t\t\t<\/li>\n\t\t\t\t\t\t\t\t<li class=\"elementor-icon-list-item\">\n\t\t\t\t\t\t\t\t\t\t\t<a href=\"https:\/\/dedetizadoraramos.com.br\/?page_id=464\">\n\n\t\t\t\t\t\t\t\t\t\t\t\t<span class=\"elementor-icon-list-icon\">\n\t\t\t\t\t\t\t<svg aria-hidden=\"true\" class=\"e-font-icon-svg e-fas-arrow-right\" viewBox=\"0 0 448 512\" xmlns=\"http:\/\/www.w3.org\/2000\/svg\"><path d=\"M190.5 66.9l22.2-22.2c9.4-9.4 24.6-9.4 33.9 0L441 239c9.4 9.4 9.4 24.6 0 33.9L246.6 467.3c-9.4 9.4-24.6 9.4-33.9 0l-22.2-22.2c-9.5-9.5-9.3-25 .4-34.3L311.4 296H24c-13.3 0-24-10.7-24-24v-32c0-13.3 10.7-24 24-24h287.4L190.9 101.2c-9.8-9.3-10-24.8-.4-34.3z\"><\/path><\/svg>\t\t\t\t\t\t<\/span>\n\t\t\t\t\t\t\t\t\t\t<span class=\"elementor-icon-list-text\">Desratiza\u00e7\u00e3o<\/span>\n\t\t\t\t\t\t\t\t\t\t\t<\/a>\n\t\t\t\t\t\t\t\t\t<\/li>\n\t\t\t\t\t\t\t\t<li class=\"elementor-icon-list-item\">\n\t\t\t\t\t\t\t\t\t\t\t<a href=\"https:\/\/dedetizadoraramos.com.br\/?page_id=466\">\n\n\t\t\t\t\t\t\t\t\t\t\t\t<span class=\"elementor-icon-list-icon\">\n\t\t\t\t\t\t\t<svg aria-hidden=\"true\" class=\"e-font-icon-svg e-fas-arrow-right\" viewBox=\"0 0 448 512\" xmlns=\"http:\/\/www.w3.org\/2000\/svg\"><path d=\"M190.5 66.9l22.2-22.2c9.4-9.4 24.6-9.4 33.9 0L441 239c9.4 9.4 9.4 24.6 0 33.9L246.6 467.3c-9.4 9.4-24.6 9.4-33.9 0l-22.2-22.2c-9.5-9.5-9.3-25 .4-34.3L311.4 296H24c-13.3 0-24-10.7-24-24v-32c0-13.3 10.7-24 24-24h287.4L190.9 101.2c-9.8-9.3-10-24.8-.4-34.3z\"><\/path><\/svg>\t\t\t\t\t\t<\/span>\n\t\t\t\t\t\t\t\t\t\t<span class=\"elementor-icon-list-text\">Limpeza de caixa d'\u00e1gua<\/span>\n\t\t\t\t\t\t\t\t\t\t\t<\/a>\n\t\t\t\t\t\t\t\t\t<\/li>\n\t\t\t\t\t\t<\/ul>\n\t\t\t\t\t\t<\/div>\n\t\t\t\t<\/div>\n\t\t<div class=\"elementor-element elementor-element-a4adb51 e-con-full e-flex wpr-particle-no wpr-jarallax-no wpr-parallax-no wpr-sticky-section-no e-con e-child\" data-id=\"a4adb51\" data-element_type=\"container\" data-settings=\"{&quot;background_background&quot;:&quot;classic&quot;}\">\n\t\t\t\t<div class=\"elementor-element elementor-element-7c3e3bc animated-slow elementor-invisible elementor-widget elementor-widget-heading\" data-id=\"7c3e3bc\" data-element_type=\"widget\" data-settings=\"{&quot;_animation&quot;:&quot;zoomIn&quot;}\" data-widget_type=\"heading.default\">\n\t\t\t\t<div class=\"elementor-widget-container\">\n\t\t\t\t\t<h2 class=\"elementor-heading-title elementor-size-default\">Por que contratar uma empresa especializada?<\/h2>\t\t\t\t<\/div>\n\t\t\t\t<\/div>\n\t\t\t\t<div class=\"elementor-element elementor-element-a500a8a elementor-widget elementor-widget-text-editor\" data-id=\"a500a8a\" data-element_type=\"widget\" data-widget_type=\"text-editor.default\">\n\t\t\t\t<div class=\"elementor-widget-container\">\n\t\t\t\t\t\t\t\t\t<p><strong>\u2022 Conhecimento t\u00e9cnico:<\/strong> Profissionais especializados possuem conhecimento<br \/>sobre os h\u00e1bitos dos roedores e de v\u00e1rias outras pragas e os m\u00e9todos mais eficazes para control\u00e1-los ou extermina-los.<\/p><p><strong>\u2022 Produtos seguros:<\/strong> Utilizam produtos registrados e seguros, que n\u00e3o causam<br \/>danos ao meio ambiente e \u00e0 sa\u00fade humana.<\/p><p><strong>\u2022 Atendimento personalizado:<\/strong> Adaptam o tratamento \u00e0s necessidades de cada<br \/>cliente, e de acordo com o ambiente e tipo de praga, garantindo resultados eficazes.<\/p>\t\t\t\t\t\t\t\t<\/div>\n\t\t\t\t<\/div>\n\t\t\t\t<\/div>\n\t\t\t\t<\/div>\n\t\t\t\t<\/div>\n\t\t\t\t\t<\/div>\n\t\t\t\t<\/div>\n\t\t\t\t<\/div>\n\t\t","protected":false},"excerpt":{"rendered":"<p>CONTROLE DE POMBOS: UMA SOLU\u00c7\u00c3O PARA UM PROBLEMA COMUM Controle de pombos O controle de pombos \u00e9 um assunto que preocupa muitas pessoas, tanto em ambientesurbanos quanto em \u00e1reas rurais. Essas aves, embora pare\u00e7am inofensivas, podem causardiversos problemas, como: \u2022 Transmiss\u00e3o de doen\u00e7as: As fezes de pombos podem carregar diversasdoen\u00e7as, como histoplasmose e criptococose.\u2022 Danos em estruturas: Pombos podem danificar edif\u00edcios com suas fezescorrosivas e ninhos. \u2022 Inc\u00f4modo e sujeira: O barulho e a sujeira causados pelos pombos podem tornaro ambiente desagrad\u00e1vel.\u2022 Remo\u00e7\u00e3o de ninhos e fezes: \u2022 Limpeza profissional: Contratar uma empresa especializada para removerninhos e fezes de pombos, utilizando os equipamentos de prote\u00e7\u00e3o individualadequados. FA\u00c7A UM OR\u00c7AMENTO OUTROS SERVI\u00c7OS Dedetiza\u00e7\u00e3o Descupiniza\u00e7\u00e3o Desratiza\u00e7\u00e3o Limpeza de caixa d&#8217;\u00e1gua Por que contratar uma empresa especializada? \u2022 Conhecimento t\u00e9cnico: Profissionais especializados possuem conhecimentosobre os h\u00e1bitos dos roedores e de v\u00e1rias outras pragas e os m\u00e9todos mais eficazes para control\u00e1-los ou extermina-los. \u2022 Produtos seguros: Utilizam produtos registrados e seguros, que n\u00e3o causamdanos ao meio ambiente e \u00e0 sa\u00fade humana. \u2022 Atendimento personalizado: Adaptam o tratamento \u00e0s necessidades de cadacliente, e de acordo com o ambiente e tipo de praga, garantindo resultados eficazes.<\/p>\n","protected":false},"author":1,"featured_media":0,"parent":0,"menu_order":0,"comment_status":"closed","ping_status":"closed","template":"elementor_header_footer","meta":{"_joinchat":[],"footnotes":""},"class_list":["post-468","page","type-page","status-publish","hentry"],"yoast_head":"<!-- This site is optimized with the Yoast SEO plugin v24.4 - https:\/\/yoast.com\/wordpress\/plugins\/seo\/ -->\n<title>Controle de pombos - Dedetizadora Ramos<\/title>\n<meta name=\"description\" content=\"Essas aves embora pare\u00e7am inofensivas podem causar diversos problemas, como: Transmiss\u00e3o de doen\u00e7as, Danos em estruturas, incomodo e sujeira\" \/>\n<meta name=\"robots\" content=\"index, follow, max-snippet:-1, max-image-preview:large, max-video-preview:-1\" \/>\n<link rel=\"canonical\" href=\"https:\/\/dedetizadoraramos.com.br\/?page_id=468\" \/>\n<meta property=\"og:locale\" content=\"pt_BR\" \/>\n<meta property=\"og:type\" content=\"article\" \/>\n<meta property=\"og:title\" content=\"Controle de pombos - Dedetizadora Ramos\" \/>\n<meta property=\"og:description\" content=\"Essas aves embora pare\u00e7am inofensivas podem causar diversos problemas, como: Transmiss\u00e3o de doen\u00e7as, Danos em estruturas, incomodo e sujeira\" \/>\n<meta property=\"og:url\" content=\"https:\/\/dedetizadoraramos.com.br\/?page_id=468\" \/>\n<meta property=\"og:site_name\" content=\"Dedetizadora Ramos\" \/>\n<meta property=\"article:publisher\" content=\"https:\/\/www.facebook.com\/ramosdedetizadora\" \/>\n<meta property=\"article:modified_time\" content=\"2025-04-28T18:15:22+00:00\" \/>\n<meta property=\"og:image\" content=\"https:\/\/dedetizadoraramos.com.br\/wp-content\/uploads\/2025\/01\/controle-de-pombos.png\" \/>\n\t<meta property=\"og:image:width\" content=\"1200\" \/>\n\t<meta property=\"og:image:height\" content=\"628\" \/>\n\t<meta property=\"og:image:type\" content=\"image\/png\" \/>\n<meta name=\"twitter:card\" content=\"summary_large_image\" \/>\n<meta name=\"twitter:label1\" content=\"Est. tempo de leitura\" \/>\n\t<meta name=\"twitter:data1\" content=\"2 minutos\" \/>\n<script type=\"application\/ld+json\" class=\"yoast-schema-graph\">{\"@context\":\"https:\/\/schema.org\",\"@graph\":[{\"@type\":\"WebPage\",\"@id\":\"https:\/\/dedetizadoraramos.com.br\/?page_id=468\",\"url\":\"https:\/\/dedetizadoraramos.com.br\/?page_id=468\",\"name\":\"Controle de pombos - Dedetizadora Ramos\",\"isPartOf\":{\"@id\":\"https:\/\/dedetizadoraramos.com.br\/#website\"},\"primaryImageOfPage\":{\"@id\":\"https:\/\/dedetizadoraramos.com.br\/?page_id=468#primaryimage\"},\"image\":{\"@id\":\"https:\/\/dedetizadoraramos.com.br\/?page_id=468#primaryimage\"},\"thumbnailUrl\":\"https:\/\/dedetizadoraramos.com.br\/wp-content\/uploads\/2025\/01\/controle-de-pombos.png\",\"datePublished\":\"2025-01-21T21:14:36+00:00\",\"dateModified\":\"2025-04-28T18:15:22+00:00\",\"description\":\"Essas aves embora pare\u00e7am inofensivas podem causar diversos problemas, como: Transmiss\u00e3o de doen\u00e7as, Danos em estruturas, incomodo e sujeira\",\"breadcrumb\":{\"@id\":\"https:\/\/dedetizadoraramos.com.br\/?page_id=468#breadcrumb\"},\"inLanguage\":\"pt-BR\",\"potentialAction\":[{\"@type\":\"ReadAction\",\"target\":[\"https:\/\/dedetizadoraramos.com.br\/?page_id=468\"]}]},{\"@type\":\"ImageObject\",\"inLanguage\":\"pt-BR\",\"@id\":\"https:\/\/dedetizadoraramos.com.br\/?page_id=468#primaryimage\",\"url\":\"https:\/\/dedetizadoraramos.com.br\/wp-content\/uploads\/2025\/01\/controle-de-pombos.png\",\"contentUrl\":\"https:\/\/dedetizadoraramos.com.br\/wp-content\/uploads\/2025\/01\/controle-de-pombos.png\",\"width\":1200,\"height\":628,\"caption\":\"controle de pombos\"},{\"@type\":\"BreadcrumbList\",\"@id\":\"https:\/\/dedetizadoraramos.com.br\/?page_id=468#breadcrumb\",\"itemListElement\":[{\"@type\":\"ListItem\",\"position\":1,\"name\":\"In\u00edcio\",\"item\":\"https:\/\/dedetizadoraramos.com.br\/\"},{\"@type\":\"ListItem\",\"position\":2,\"name\":\"Controle de pombos\"}]},{\"@type\":\"WebSite\",\"@id\":\"https:\/\/dedetizadoraramos.com.br\/#website\",\"url\":\"https:\/\/dedetizadoraramos.com.br\/\",\"name\":\"Dedetizadora Ramos\",\"description\":\"Seguran\u00e7a e higiene para seu ambiente\",\"publisher\":{\"@id\":\"https:\/\/dedetizadoraramos.com.br\/#organization\"},\"potentialAction\":[{\"@type\":\"SearchAction\",\"target\":{\"@type\":\"EntryPoint\",\"urlTemplate\":\"https:\/\/dedetizadoraramos.com.br\/?s={search_term_string}\"},\"query-input\":{\"@type\":\"PropertyValueSpecification\",\"valueRequired\":true,\"valueName\":\"search_term_string\"}}],\"inLanguage\":\"pt-BR\"},{\"@type\":\"Organization\",\"@id\":\"https:\/\/dedetizadoraramos.com.br\/#organization\",\"name\":\"Dedetizadora Ramos\",\"url\":\"https:\/\/dedetizadoraramos.com.br\/\",\"logo\":{\"@type\":\"ImageObject\",\"inLanguage\":\"pt-BR\",\"@id\":\"https:\/\/dedetizadoraramos.com.br\/#\/schema\/logo\/image\/\",\"url\":\"https:\/\/dedetizadoraramos.com.br\/wp-content\/uploads\/2025\/01\/WhatsApp-Image-2025-01-27-at-12.49.56.jpeg\",\"contentUrl\":\"https:\/\/dedetizadoraramos.com.br\/wp-content\/uploads\/2025\/01\/WhatsApp-Image-2025-01-27-at-12.49.56.jpeg\",\"width\":1600,\"height\":583,\"caption\":\"Dedetizadora Ramos\"},\"image\":{\"@id\":\"https:\/\/dedetizadoraramos.com.br\/#\/schema\/logo\/image\/\"},\"sameAs\":[\"https:\/\/www.facebook.com\/ramosdedetizadora\",\"https:\/\/www.instagram.com\/dedetizadoraramos\/\"]}]}<\/script>\n<!-- \/ Yoast SEO plugin. -->","yoast_head_json":{"title":"Controle de pombos - Dedetizadora Ramos","description":"Essas aves embora pare\u00e7am inofensivas podem causar diversos problemas, como: Transmiss\u00e3o de doen\u00e7as, Danos em estruturas, incomodo e sujeira","robots":{"index":"index","follow":"follow","max-snippet":"max-snippet:-1","max-image-preview":"max-image-preview:large","max-video-preview":"max-video-preview:-1"},"canonical":"https:\/\/dedetizadoraramos.com.br\/?page_id=468","og_locale":"pt_BR","og_type":"article","og_title":"Controle de pombos - Dedetizadora Ramos","og_description":"Essas aves embora pare\u00e7am inofensivas podem causar diversos problemas, como: Transmiss\u00e3o de doen\u00e7as, Danos em estruturas, incomodo e sujeira","og_url":"https:\/\/dedetizadoraramos.com.br\/?page_id=468","og_site_name":"Dedetizadora Ramos","article_publisher":"https:\/\/www.facebook.com\/ramosdedetizadora","article_modified_time":"2025-04-28T18:15:22+00:00","og_image":[{"width":1200,"height":628,"url":"https:\/\/dedetizadoraramos.com.br\/wp-content\/uploads\/2025\/01\/controle-de-pombos.png","type":"image\/png"}],"twitter_card":"summary_large_image","twitter_misc":{"Est. tempo de leitura":"2 minutos"},"schema":{"@context":"https:\/\/schema.org","@graph":[{"@type":"WebPage","@id":"https:\/\/dedetizadoraramos.com.br\/?page_id=468","url":"https:\/\/dedetizadoraramos.com.br\/?page_id=468","name":"Controle de pombos - Dedetizadora Ramos","isPartOf":{"@id":"https:\/\/dedetizadoraramos.com.br\/#website"},"primaryImageOfPage":{"@id":"https:\/\/dedetizadoraramos.com.br\/?page_id=468#primaryimage"},"image":{"@id":"https:\/\/dedetizadoraramos.com.br\/?page_id=468#primaryimage"},"thumbnailUrl":"https:\/\/dedetizadoraramos.com.br\/wp-content\/uploads\/2025\/01\/controle-de-pombos.png","datePublished":"2025-01-21T21:14:36+00:00","dateModified":"2025-04-28T18:15:22+00:00","description":"Essas aves embora pare\u00e7am inofensivas podem causar diversos problemas, como: Transmiss\u00e3o de doen\u00e7as, Danos em estruturas, incomodo e sujeira","breadcrumb":{"@id":"https:\/\/dedetizadoraramos.com.br\/?page_id=468#breadcrumb"},"inLanguage":"pt-BR","potentialAction":[{"@type":"ReadAction","target":["https:\/\/dedetizadoraramos.com.br\/?page_id=468"]}]},{"@type":"ImageObject","inLanguage":"pt-BR","@id":"https:\/\/dedetizadoraramos.com.br\/?page_id=468#primaryimage","url":"https:\/\/dedetizadoraramos.com.br\/wp-content\/uploads\/2025\/01\/controle-de-pombos.png","contentUrl":"https:\/\/dedetizadoraramos.com.br\/wp-content\/uploads\/2025\/01\/controle-de-pombos.png","width":1200,"height":628,"caption":"controle de pombos"},{"@type":"BreadcrumbList","@id":"https:\/\/dedetizadoraramos.com.br\/?page_id=468#breadcrumb","itemListElement":[{"@type":"ListItem","position":1,"name":"In\u00edcio","item":"https:\/\/dedetizadoraramos.com.br\/"},{"@type":"ListItem","position":2,"name":"Controle de pombos"}]},{"@type":"WebSite","@id":"https:\/\/dedetizadoraramos.com.br\/#website","url":"https:\/\/dedetizadoraramos.com.br\/","name":"Dedetizadora Ramos","description":"Seguran\u00e7a e higiene para seu ambiente","publisher":{"@id":"https:\/\/dedetizadoraramos.com.br\/#organization"},"potentialAction":[{"@type":"SearchAction","target":{"@type":"EntryPoint","urlTemplate":"https:\/\/dedetizadoraramos.com.br\/?s={search_term_string}"},"query-input":{"@type":"PropertyValueSpecification","valueRequired":true,"valueName":"search_term_string"}}],"inLanguage":"pt-BR"},{"@type":"Organization","@id":"https:\/\/dedetizadoraramos.com.br\/#organization","name":"Dedetizadora Ramos","url":"https:\/\/dedetizadoraramos.com.br\/","logo":{"@type":"ImageObject","inLanguage":"pt-BR","@id":"https:\/\/dedetizadoraramos.com.br\/#\/schema\/logo\/image\/","url":"https:\/\/dedetizadoraramos.com.br\/wp-content\/uploads\/2025\/01\/WhatsApp-Image-2025-01-27-at-12.49.56.jpeg","contentUrl":"https:\/\/dedetizadoraramos.com.br\/wp-content\/uploads\/2025\/01\/WhatsApp-Image-2025-01-27-at-12.49.56.jpeg","width":1600,"height":583,"caption":"Dedetizadora Ramos"},"image":{"@id":"https:\/\/dedetizadoraramos.com.br\/#\/schema\/logo\/image\/"},"sameAs":["https:\/\/www.facebook.com\/ramosdedetizadora","https:\/\/www.instagram.com\/dedetizadoraramos\/"]}]}},"_links":{"self":[{"href":"https:\/\/dedetizadoraramos.com.br\/index.php?rest_route=\/wp\/v2\/pages\/468","targetHints":{"allow":["GET"]}}],"collection":[{"href":"https:\/\/dedetizadoraramos.com.br\/index.php?rest_route=\/wp\/v2\/pages"}],"about":[{"href":"https:\/\/dedetizadoraramos.com.br\/index.php?rest_route=\/wp\/v2\/types\/page"}],"author":[{"embeddable":true,"href":"https:\/\/dedetizadoraramos.com.br\/index.php?rest_route=\/wp\/v2\/users\/1"}],"replies":[{"embeddable":true,"href":"https:\/\/dedetizadoraramos.com.br\/index.php?rest_route=%2Fwp%2Fv2%2Fcomments&post=468"}],"version-history":[{"count":103,"href":"https:\/\/dedetizadoraramos.com.br\/index.php?rest_route=\/wp\/v2\/pages\/468\/revisions"}],"predecessor-version":[{"id":1303,"href":"https:\/\/dedetizadoraramos.com.br\/index.php?rest_route=\/wp\/v2\/pages\/468\/revisions\/1303"}],"wp:attachment":[{"href":"https:\/\/dedetizadoraramos.com.br\/index.php?rest_route=%2Fwp%2Fv2%2Fmedia&parent=468"}],"curies":[{"name":"wp","href":"https:\/\/api.w.org\/{rel}","templated":true}]}}