{"id":466,"date":"2025-01-21T21:14:02","date_gmt":"2025-01-21T21:14:02","guid":{"rendered":"https:\/\/dedetizadora.camilavarelasites.com\/?page_id=466"},"modified":"2025-01-29T16:32:19","modified_gmt":"2025-01-29T16:32:19","slug":"limpeza-de-caixa-dagua","status":"publish","type":"page","link":"https:\/\/dedetizadoraramos.com.br\/?page_id=466","title":{"rendered":"Limpeza de caixa d&#8217;\u00e1gua"},"content":{"rendered":"\t\t<div data-elementor-type=\"wp-page\" data-elementor-id=\"466\" class=\"elementor elementor-466\">\n\t\t\t\t<div class=\"elementor-element elementor-element-16bb197 e-flex e-con-boxed wpr-particle-no wpr-jarallax-no wpr-parallax-no wpr-sticky-section-no e-con e-parent\" data-id=\"16bb197\" data-element_type=\"container\" data-settings=\"{&quot;background_background&quot;:&quot;classic&quot;,&quot;shape_divider_bottom&quot;:&quot;opacity-fan&quot;}\">\n\t\t\t\t\t<div class=\"e-con-inner\">\n\t\t\t\t<div class=\"elementor-shape elementor-shape-bottom\" data-negative=\"false\">\n\t\t\t<svg xmlns=\"http:\/\/www.w3.org\/2000\/svg\" viewBox=\"0 0 283.5 19.6\" preserveAspectRatio=\"none\">\n\t<path class=\"elementor-shape-fill\" style=\"opacity:0.33\" d=\"M0 0L0 18.8 141.8 4.1 283.5 18.8 283.5 0z\"\/>\n\t<path class=\"elementor-shape-fill\" style=\"opacity:0.33\" d=\"M0 0L0 12.6 141.8 4 283.5 12.6 283.5 0z\"\/>\n\t<path class=\"elementor-shape-fill\" style=\"opacity:0.33\" d=\"M0 0L0 6.4 141.8 4 283.5 6.4 283.5 0z\"\/>\n\t<path class=\"elementor-shape-fill\" d=\"M0 0L0 1.2 141.8 4 283.5 1.2 283.5 0z\"\/>\n<\/svg>\t\t<\/div>\n\t\t\t\t<div class=\"elementor-element elementor-element-1528b6c elementor-widget elementor-widget-heading\" data-id=\"1528b6c\" data-element_type=\"widget\" data-widget_type=\"heading.default\">\n\t\t\t\t<div class=\"elementor-widget-container\">\n\t\t\t\t\t<h2 class=\"elementor-heading-title elementor-size-default\">LIMPEZA DE CAIXA D'\u00c1GUA<\/h2>\t\t\t\t<\/div>\n\t\t\t\t<\/div>\n\t\t\t\t\t<\/div>\n\t\t\t\t<\/div>\n\t\t<div class=\"elementor-element elementor-element-ed630c8 e-flex e-con-boxed wpr-particle-no wpr-jarallax-no wpr-parallax-no wpr-sticky-section-no e-con e-parent\" data-id=\"ed630c8\" data-element_type=\"container\">\n\t\t\t\t\t<div class=\"e-con-inner\">\n\t\t<div class=\"elementor-element elementor-element-ef7ea71 e-con-full e-flex wpr-particle-no wpr-jarallax-no wpr-parallax-no wpr-sticky-section-no e-con e-child\" data-id=\"ef7ea71\" data-element_type=\"container\">\n\t\t<div class=\"elementor-element elementor-element-a7c4176 e-con-full e-flex wpr-particle-no wpr-jarallax-no wpr-parallax-no wpr-sticky-section-no e-con e-child\" data-id=\"a7c4176\" data-element_type=\"container\">\n\t\t\t\t<div class=\"elementor-element elementor-element-a383b82 elementor-widget elementor-widget-image\" data-id=\"a383b82\" data-element_type=\"widget\" data-widget_type=\"image.default\">\n\t\t\t\t<div class=\"elementor-widget-container\">\n\t\t\t\t\t\t\t\t\t\t\t\t\t\t\t<img fetchpriority=\"high\" decoding=\"async\" width=\"500\" height=\"500\" src=\"https:\/\/dedetizadoraramos.com.br\/wp-content\/uploads\/2025\/01\/Design-sem-nome-28.png\" class=\"attachment-full size-full wp-image-721\" alt=\"Dedetizadora ramos\" srcset=\"https:\/\/dedetizadoraramos.com.br\/wp-content\/uploads\/2025\/01\/Design-sem-nome-28.png 500w, https:\/\/dedetizadoraramos.com.br\/wp-content\/uploads\/2025\/01\/Design-sem-nome-28-300x300.png 300w, https:\/\/dedetizadoraramos.com.br\/wp-content\/uploads\/2025\/01\/Design-sem-nome-28-150x150.png 150w\" sizes=\"(max-width: 500px) 100vw, 500px\" \/>\t\t\t\t\t\t\t\t\t\t\t\t\t\t\t<\/div>\n\t\t\t\t<\/div>\n\t\t\t\t<\/div>\n\t\t\t\t<div class=\"elementor-element elementor-element-659ca92 animated-slow elementor-invisible elementor-widget elementor-widget-heading\" data-id=\"659ca92\" data-element_type=\"widget\" data-settings=\"{&quot;_animation&quot;:&quot;fadeInLeft&quot;}\" data-widget_type=\"heading.default\">\n\t\t\t\t<div class=\"elementor-widget-container\">\n\t\t\t\t\t<h2 class=\"elementor-heading-title elementor-size-default\">Limpeza de caixa d'\u00e1gua<\/h2>\t\t\t\t<\/div>\n\t\t\t\t<\/div>\n\t\t\t\t<div class=\"elementor-element elementor-element-192e622 elementor-widget elementor-widget-text-editor\" data-id=\"192e622\" data-element_type=\"widget\" data-widget_type=\"text-editor.default\">\n\t\t\t\t<div class=\"elementor-widget-container\">\n\t\t\t\t\t\t\t\t\t<p>A limpeza regular da caixa d&#8217;\u00e1gua \u00e9 fundamental para garantir a qualidade da<br \/>\u00e1gua que consumimos. A falta de higieniza\u00e7\u00e3o pode levar \u00e0 prolifera\u00e7\u00e3o de bact\u00e9rias,<br \/>algas e outros microrganismos, contaminando a \u00e1gua e colocando em risco a sa\u00fade de<br \/>toda a fam\u00edlia.<\/p><p><strong>Por que limpar a caixa d&#8217;\u00e1gua?<\/strong><\/p><p><strong>\u2022 Preven\u00e7\u00e3o de doen\u00e7as:<\/strong> A \u00e1gua contaminada pode causar diversas doen\u00e7as, como<br \/>diarreia, c\u00f3lera e hepatite.<br \/><strong>\u2022 Melhora do sabor e odor da \u00e1gua:<\/strong> A \u00e1gua armazenada em uma caixa d&#8217;\u00e1gua suja pode<br \/>adquirir um gosto e cheiro desagrad\u00e1veis.<br \/><strong>\u2022 Aumento da vida \u00fatil da caixa d&#8217;\u00e1gua:<\/strong> A limpeza regular ajuda a prevenir o ac\u00famulo<br \/>de sedimentos e a corros\u00e3o, prolongando a vida \u00fatil do reservat\u00f3rio.<\/p><p><br \/><strong>Dicas:<\/strong><\/p><p><strong>\u2022 Verifique a veda\u00e7\u00e3o da caixa d&#8217;\u00e1gua:<\/strong> Certifique-se de que a caixa d&#8217;\u00e1gua n\u00e3o possui<br \/>vazamentos.<br \/><strong>\u2022 Inspecione a caixa d&#8217;\u00e1gua regularmente:<\/strong> Verifique se h\u00e1 rachaduras ou outros danos<br \/>na caixa d&#8217;\u00e1gua.<br \/><strong>\u2022 Contratar um profissional:<\/strong> Se voc\u00ea n\u00e3o se sentir seguro para realizar a limpeza da<br \/>caixa d&#8217;\u00e1gua, contrate um profissional especializado.<\/p>\t\t\t\t\t\t\t\t<\/div>\n\t\t\t\t<\/div>\n\t\t\t\t<\/div>\n\t\t<div class=\"elementor-element elementor-element-9242f1e e-con-full e-flex wpr-particle-no wpr-jarallax-no wpr-parallax-no wpr-sticky-section-no e-con e-child\" data-id=\"9242f1e\" data-element_type=\"container\">\n\t\t<div class=\"elementor-element elementor-element-5995dc1 e-con-full e-flex wpr-particle-no wpr-jarallax-no wpr-parallax-no wpr-sticky-section-no e-con e-child\" data-id=\"5995dc1\" data-element_type=\"container\">\n\t\t\t\t<div class=\"elementor-element elementor-element-c48f3d1 elementor-align-center animated-slow elementor-invisible elementor-widget elementor-widget-button\" data-id=\"c48f3d1\" data-element_type=\"widget\" data-settings=\"{&quot;_animation&quot;:&quot;jello&quot;}\" data-widget_type=\"button.default\">\n\t\t\t\t<div class=\"elementor-widget-container\">\n\t\t\t\t\t\t\t\t\t<div class=\"elementor-button-wrapper\">\n\t\t\t\t\t<a class=\"elementor-button elementor-button-link elementor-size-sm\" href=\"https:\/\/wa.me\/5511915004224\">\n\t\t\t\t\t\t<span class=\"elementor-button-content-wrapper\">\n\t\t\t\t\t\t<span class=\"elementor-button-icon\">\n\t\t\t\t<svg aria-hidden=\"true\" class=\"e-font-icon-svg e-fab-whatsapp\" viewBox=\"0 0 448 512\" xmlns=\"http:\/\/www.w3.org\/2000\/svg\"><path d=\"M380.9 97.1C339 55.1 283.2 32 223.9 32c-122.4 0-222 99.6-222 222 0 39.1 10.2 77.3 29.6 111L0 480l117.7-30.9c32.4 17.7 68.9 27 106.1 27h.1c122.3 0 224.1-99.6 224.1-222 0-59.3-25.2-115-67.1-157zm-157 341.6c-33.2 0-65.7-8.9-94-25.7l-6.7-4-69.8 18.3L72 359.2l-4.4-7c-18.5-29.4-28.2-63.3-28.2-98.2 0-101.7 82.8-184.5 184.6-184.5 49.3 0 95.6 19.2 130.4 54.1 34.8 34.9 56.2 81.2 56.1 130.5 0 101.8-84.9 184.6-186.6 184.6zm101.2-138.2c-5.5-2.8-32.8-16.2-37.9-18-5.1-1.9-8.8-2.8-12.5 2.8-3.7 5.6-14.3 18-17.6 21.8-3.2 3.7-6.5 4.2-12 1.4-32.6-16.3-54-29.1-75.5-66-5.7-9.8 5.7-9.1 16.3-30.3 1.8-3.7.9-6.9-.5-9.7-1.4-2.8-12.5-30.1-17.1-41.2-4.5-10.8-9.1-9.3-12.5-9.5-3.2-.2-6.9-.2-10.6-.2-3.7 0-9.7 1.4-14.8 6.9-5.1 5.6-19.4 19-19.4 46.3 0 27.3 19.9 53.7 22.6 57.4 2.8 3.7 39.1 59.7 94.8 83.8 35.2 15.2 49 16.5 66.6 13.9 10.7-1.6 32.8-13.4 37.4-26.4 4.6-13 4.6-24.1 3.2-26.4-1.3-2.5-5-3.9-10.5-6.6z\"><\/path><\/svg>\t\t\t<\/span>\n\t\t\t\t\t\t\t\t\t<span class=\"elementor-button-text\">FA\u00c7A UM OR\u00c7AMENTO<\/span>\n\t\t\t\t\t<\/span>\n\t\t\t\t\t<\/a>\n\t\t\t\t<\/div>\n\t\t\t\t\t\t\t\t<\/div>\n\t\t\t\t<\/div>\n\t\t\t\t<div class=\"elementor-element elementor-element-9d40dd5 animated-slow elementor-invisible elementor-widget elementor-widget-heading\" data-id=\"9d40dd5\" data-element_type=\"widget\" data-settings=\"{&quot;_animation&quot;:&quot;zoomIn&quot;}\" data-widget_type=\"heading.default\">\n\t\t\t\t<div class=\"elementor-widget-container\">\n\t\t\t\t\t<h2 class=\"elementor-heading-title elementor-size-default\">OUTROS SERVI\u00c7OS<\/h2>\t\t\t\t<\/div>\n\t\t\t\t<\/div>\n\t\t\t\t<div class=\"elementor-element elementor-element-d9770bd elementor-align-left animated-slow elementor-icon-list--layout-traditional elementor-list-item-link-full_width elementor-invisible elementor-widget elementor-widget-icon-list\" data-id=\"d9770bd\" data-element_type=\"widget\" data-settings=\"{&quot;_animation&quot;:&quot;zoomIn&quot;}\" data-widget_type=\"icon-list.default\">\n\t\t\t\t<div class=\"elementor-widget-container\">\n\t\t\t\t\t\t\t<ul class=\"elementor-icon-list-items\">\n\t\t\t\t\t\t\t<li class=\"elementor-icon-list-item\">\n\t\t\t\t\t\t\t\t\t\t\t<a href=\"https:\/\/dedetizadoraramos.com.br\/?page_id=460\">\n\n\t\t\t\t\t\t\t\t\t\t\t\t<span class=\"elementor-icon-list-icon\">\n\t\t\t\t\t\t\t<svg aria-hidden=\"true\" class=\"e-font-icon-svg e-fas-arrow-right\" viewBox=\"0 0 448 512\" xmlns=\"http:\/\/www.w3.org\/2000\/svg\"><path d=\"M190.5 66.9l22.2-22.2c9.4-9.4 24.6-9.4 33.9 0L441 239c9.4 9.4 9.4 24.6 0 33.9L246.6 467.3c-9.4 9.4-24.6 9.4-33.9 0l-22.2-22.2c-9.5-9.5-9.3-25 .4-34.3L311.4 296H24c-13.3 0-24-10.7-24-24v-32c0-13.3 10.7-24 24-24h287.4L190.9 101.2c-9.8-9.3-10-24.8-.4-34.3z\"><\/path><\/svg>\t\t\t\t\t\t<\/span>\n\t\t\t\t\t\t\t\t\t\t<span class=\"elementor-icon-list-text\">Dedetiza\u00e7\u00e3o<\/span>\n\t\t\t\t\t\t\t\t\t\t\t<\/a>\n\t\t\t\t\t\t\t\t\t<\/li>\n\t\t\t\t\t\t\t\t<li class=\"elementor-icon-list-item\">\n\t\t\t\t\t\t\t\t\t\t\t<a href=\"https:\/\/dedetizadoraramos.com.br\/?page_id=462\">\n\n\t\t\t\t\t\t\t\t\t\t\t\t<span class=\"elementor-icon-list-icon\">\n\t\t\t\t\t\t\t<svg aria-hidden=\"true\" class=\"e-font-icon-svg e-fas-arrow-right\" viewBox=\"0 0 448 512\" xmlns=\"http:\/\/www.w3.org\/2000\/svg\"><path d=\"M190.5 66.9l22.2-22.2c9.4-9.4 24.6-9.4 33.9 0L441 239c9.4 9.4 9.4 24.6 0 33.9L246.6 467.3c-9.4 9.4-24.6 9.4-33.9 0l-22.2-22.2c-9.5-9.5-9.3-25 .4-34.3L311.4 296H24c-13.3 0-24-10.7-24-24v-32c0-13.3 10.7-24 24-24h287.4L190.9 101.2c-9.8-9.3-10-24.8-.4-34.3z\"><\/path><\/svg>\t\t\t\t\t\t<\/span>\n\t\t\t\t\t\t\t\t\t\t<span class=\"elementor-icon-list-text\">Descupiniza\u00e7\u00e3o<\/span>\n\t\t\t\t\t\t\t\t\t\t\t<\/a>\n\t\t\t\t\t\t\t\t\t<\/li>\n\t\t\t\t\t\t\t\t<li class=\"elementor-icon-list-item\">\n\t\t\t\t\t\t\t\t\t\t\t<a href=\"https:\/\/dedetizadoraramos.com.br\/?page_id=464\">\n\n\t\t\t\t\t\t\t\t\t\t\t\t<span class=\"elementor-icon-list-icon\">\n\t\t\t\t\t\t\t<svg aria-hidden=\"true\" class=\"e-font-icon-svg e-fas-arrow-right\" viewBox=\"0 0 448 512\" xmlns=\"http:\/\/www.w3.org\/2000\/svg\"><path d=\"M190.5 66.9l22.2-22.2c9.4-9.4 24.6-9.4 33.9 0L441 239c9.4 9.4 9.4 24.6 0 33.9L246.6 467.3c-9.4 9.4-24.6 9.4-33.9 0l-22.2-22.2c-9.5-9.5-9.3-25 .4-34.3L311.4 296H24c-13.3 0-24-10.7-24-24v-32c0-13.3 10.7-24 24-24h287.4L190.9 101.2c-9.8-9.3-10-24.8-.4-34.3z\"><\/path><\/svg>\t\t\t\t\t\t<\/span>\n\t\t\t\t\t\t\t\t\t\t<span class=\"elementor-icon-list-text\">Desratiza\u00e7\u00e3o<\/span>\n\t\t\t\t\t\t\t\t\t\t\t<\/a>\n\t\t\t\t\t\t\t\t\t<\/li>\n\t\t\t\t\t\t\t\t<li class=\"elementor-icon-list-item\">\n\t\t\t\t\t\t\t\t\t\t\t<a href=\"https:\/\/dedetizadoraramos.com.br\/?page_id=468\">\n\n\t\t\t\t\t\t\t\t\t\t\t\t<span class=\"elementor-icon-list-icon\">\n\t\t\t\t\t\t\t<svg aria-hidden=\"true\" class=\"e-font-icon-svg e-fas-arrow-right\" viewBox=\"0 0 448 512\" xmlns=\"http:\/\/www.w3.org\/2000\/svg\"><path d=\"M190.5 66.9l22.2-22.2c9.4-9.4 24.6-9.4 33.9 0L441 239c9.4 9.4 9.4 24.6 0 33.9L246.6 467.3c-9.4 9.4-24.6 9.4-33.9 0l-22.2-22.2c-9.5-9.5-9.3-25 .4-34.3L311.4 296H24c-13.3 0-24-10.7-24-24v-32c0-13.3 10.7-24 24-24h287.4L190.9 101.2c-9.8-9.3-10-24.8-.4-34.3z\"><\/path><\/svg>\t\t\t\t\t\t<\/span>\n\t\t\t\t\t\t\t\t\t\t<span class=\"elementor-icon-list-text\">Controle de pombos<\/span>\n\t\t\t\t\t\t\t\t\t\t\t<\/a>\n\t\t\t\t\t\t\t\t\t<\/li>\n\t\t\t\t\t\t<\/ul>\n\t\t\t\t\t\t<\/div>\n\t\t\t\t<\/div>\n\t\t<div class=\"elementor-element elementor-element-70c0d36 e-con-full e-flex wpr-particle-no wpr-jarallax-no wpr-parallax-no wpr-sticky-section-no e-con e-child\" data-id=\"70c0d36\" data-element_type=\"container\">\n\t\t<div class=\"elementor-element elementor-element-bcd937d e-con-full e-flex wpr-particle-no wpr-jarallax-no wpr-parallax-no wpr-sticky-section-no e-con e-child\" data-id=\"bcd937d\" data-element_type=\"container\" data-settings=\"{&quot;background_background&quot;:&quot;classic&quot;}\">\n\t\t\t\t<div class=\"elementor-element elementor-element-17bf1e4 animated-slow elementor-invisible elementor-widget elementor-widget-heading\" data-id=\"17bf1e4\" data-element_type=\"widget\" data-settings=\"{&quot;_animation&quot;:&quot;zoomIn&quot;}\" data-widget_type=\"heading.default\">\n\t\t\t\t<div class=\"elementor-widget-container\">\n\t\t\t\t\t<h2 class=\"elementor-heading-title elementor-size-default\">Por que contratar uma empresa especializada?<\/h2>\t\t\t\t<\/div>\n\t\t\t\t<\/div>\n\t\t\t\t<div class=\"elementor-element elementor-element-0d92e14 elementor-widget elementor-widget-text-editor\" data-id=\"0d92e14\" data-element_type=\"widget\" data-widget_type=\"text-editor.default\">\n\t\t\t\t<div class=\"elementor-widget-container\">\n\t\t\t\t\t\t\t\t\t<p><strong>\u2022 Conhecimento t\u00e9cnico:<\/strong> Profissionais especializados possuem conhecimento<br \/>sobre os h\u00e1bitos dos roedores e de v\u00e1rias outras pragas e os m\u00e9todos mais eficazes para control\u00e1-los ou extermina-los.<\/p><p><strong>\u2022 Produtos seguros:<\/strong> Utilizam produtos registrados e seguros, que n\u00e3o causam<br \/>danos ao meio ambiente e \u00e0 sa\u00fade humana.<\/p><p><strong>\u2022 Atendimento personalizado:<\/strong> Adaptam o tratamento \u00e0s necessidades de cada<br \/>cliente, e de acordo com o ambiente e tipo de praga, garantindo resultados eficazes.<\/p>\t\t\t\t\t\t\t\t<\/div>\n\t\t\t\t<\/div>\n\t\t\t\t<\/div>\n\t\t\t\t<\/div>\n\t\t\t\t<\/div>\n\t\t\t\t<\/div>\n\t\t\t\t\t<\/div>\n\t\t\t\t<\/div>\n\t\t\t\t<\/div>\n\t\t","protected":false},"excerpt":{"rendered":"<p>LIMPEZA DE CAIXA D&#8217;\u00c1GUA Limpeza de caixa d&#8217;\u00e1gua A limpeza regular da caixa d&#8217;\u00e1gua \u00e9 fundamental para garantir a qualidade da\u00e1gua que consumimos. A falta de higieniza\u00e7\u00e3o pode levar \u00e0 prolifera\u00e7\u00e3o de bact\u00e9rias,algas e outros microrganismos, contaminando a \u00e1gua e colocando em risco a sa\u00fade detoda a fam\u00edlia. Por que limpar a caixa d&#8217;\u00e1gua? \u2022 Preven\u00e7\u00e3o de doen\u00e7as: A \u00e1gua contaminada pode causar diversas doen\u00e7as, comodiarreia, c\u00f3lera e hepatite.\u2022 Melhora do sabor e odor da \u00e1gua: A \u00e1gua armazenada em uma caixa d&#8217;\u00e1gua suja podeadquirir um gosto e cheiro desagrad\u00e1veis.\u2022 Aumento da vida \u00fatil da caixa d&#8217;\u00e1gua: A limpeza regular ajuda a prevenir o ac\u00famulode sedimentos e a corros\u00e3o, prolongando a vida \u00fatil do reservat\u00f3rio. Dicas: \u2022 Verifique a veda\u00e7\u00e3o da caixa d&#8217;\u00e1gua: Certifique-se de que a caixa d&#8217;\u00e1gua n\u00e3o possuivazamentos.\u2022 Inspecione a caixa d&#8217;\u00e1gua regularmente: Verifique se h\u00e1 rachaduras ou outros danosna caixa d&#8217;\u00e1gua.\u2022 Contratar um profissional: Se voc\u00ea n\u00e3o se sentir seguro para realizar a limpeza dacaixa d&#8217;\u00e1gua, contrate um profissional especializado. FA\u00c7A UM OR\u00c7AMENTO OUTROS SERVI\u00c7OS Dedetiza\u00e7\u00e3o Descupiniza\u00e7\u00e3o Desratiza\u00e7\u00e3o Controle de pombos Por que contratar uma empresa especializada? \u2022 Conhecimento t\u00e9cnico: Profissionais especializados possuem conhecimentosobre os h\u00e1bitos dos roedores e de v\u00e1rias outras pragas e os m\u00e9todos mais eficazes para control\u00e1-los ou extermina-los. \u2022 Produtos seguros: Utilizam produtos registrados e seguros, que n\u00e3o causamdanos ao meio ambiente e \u00e0 sa\u00fade humana. \u2022 Atendimento personalizado: Adaptam o tratamento \u00e0s necessidades de cadacliente, e de acordo com o ambiente e tipo de praga, garantindo resultados eficazes.<\/p>\n","protected":false},"author":1,"featured_media":0,"parent":0,"menu_order":0,"comment_status":"closed","ping_status":"closed","template":"elementor_header_footer","meta":{"_joinchat":[],"footnotes":""},"class_list":["post-466","page","type-page","status-publish","hentry"],"yoast_head":"<!-- This site is optimized with the Yoast SEO plugin v24.4 - https:\/\/yoast.com\/wordpress\/plugins\/seo\/ -->\n<title>Limpeza de caixa d&#039;\u00e1gua - Dedetizadora Ramos<\/title>\n<meta name=\"description\" content=\"Realizamos a higieniza\u00e7\u00e3o e a limpeza de caixa d&#039;agua , deixamos limpa e livre de impurezas. Mais sa\u00fade e qualidade de vida para sua fam\u00edlia.\" \/>\n<meta name=\"robots\" content=\"index, follow, max-snippet:-1, max-image-preview:large, max-video-preview:-1\" \/>\n<link rel=\"canonical\" href=\"https:\/\/dedetizadoraramos.com.br\/?page_id=466\" \/>\n<meta property=\"og:locale\" content=\"pt_BR\" \/>\n<meta property=\"og:type\" content=\"article\" \/>\n<meta property=\"og:title\" content=\"Limpeza de caixa d&#039;\u00e1gua - Dedetizadora Ramos\" \/>\n<meta property=\"og:description\" content=\"Realizamos a higieniza\u00e7\u00e3o e a limpeza de caixa d&#039;agua , deixamos limpa e livre de impurezas. Mais sa\u00fade e qualidade de vida para sua fam\u00edlia.\" \/>\n<meta property=\"og:url\" content=\"https:\/\/dedetizadoraramos.com.br\/?page_id=466\" \/>\n<meta property=\"og:site_name\" content=\"Dedetizadora Ramos\" \/>\n<meta property=\"article:publisher\" content=\"https:\/\/www.facebook.com\/ramosdedetizadora\" \/>\n<meta property=\"article:modified_time\" content=\"2025-01-29T16:32:19+00:00\" \/>\n<meta property=\"og:image\" content=\"https:\/\/dedetizadoraramos.com.br\/wp-content\/uploads\/2025\/01\/Design-sem-nome-28.png\" \/>\n<meta name=\"twitter:card\" content=\"summary_large_image\" \/>\n<meta name=\"twitter:label1\" content=\"Est. tempo de leitura\" \/>\n\t<meta name=\"twitter:data1\" content=\"2 minutos\" \/>\n<script type=\"application\/ld+json\" class=\"yoast-schema-graph\">{\"@context\":\"https:\/\/schema.org\",\"@graph\":[{\"@type\":\"WebPage\",\"@id\":\"https:\/\/dedetizadoraramos.com.br\/?page_id=466\",\"url\":\"https:\/\/dedetizadoraramos.com.br\/?page_id=466\",\"name\":\"Limpeza de caixa d'\u00e1gua - Dedetizadora Ramos\",\"isPartOf\":{\"@id\":\"https:\/\/dedetizadoraramos.com.br\/#website\"},\"primaryImageOfPage\":{\"@id\":\"https:\/\/dedetizadoraramos.com.br\/?page_id=466#primaryimage\"},\"image\":{\"@id\":\"https:\/\/dedetizadoraramos.com.br\/?page_id=466#primaryimage\"},\"thumbnailUrl\":\"https:\/\/dedetizadoraramos.com.br\/wp-content\/uploads\/2025\/01\/Design-sem-nome-28.png\",\"datePublished\":\"2025-01-21T21:14:02+00:00\",\"dateModified\":\"2025-01-29T16:32:19+00:00\",\"description\":\"Realizamos a higieniza\u00e7\u00e3o e a limpeza de caixa d'agua , deixamos limpa e livre de impurezas. Mais sa\u00fade e qualidade de vida para sua fam\u00edlia.\",\"breadcrumb\":{\"@id\":\"https:\/\/dedetizadoraramos.com.br\/?page_id=466#breadcrumb\"},\"inLanguage\":\"pt-BR\",\"potentialAction\":[{\"@type\":\"ReadAction\",\"target\":[\"https:\/\/dedetizadoraramos.com.br\/?page_id=466\"]}]},{\"@type\":\"ImageObject\",\"inLanguage\":\"pt-BR\",\"@id\":\"https:\/\/dedetizadoraramos.com.br\/?page_id=466#primaryimage\",\"url\":\"https:\/\/dedetizadoraramos.com.br\/wp-content\/uploads\/2025\/01\/Design-sem-nome-28.png\",\"contentUrl\":\"https:\/\/dedetizadoraramos.com.br\/wp-content\/uploads\/2025\/01\/Design-sem-nome-28.png\",\"width\":500,\"height\":500,\"caption\":\"Dedetizadora ramos\"},{\"@type\":\"BreadcrumbList\",\"@id\":\"https:\/\/dedetizadoraramos.com.br\/?page_id=466#breadcrumb\",\"itemListElement\":[{\"@type\":\"ListItem\",\"position\":1,\"name\":\"In\u00edcio\",\"item\":\"https:\/\/dedetizadoraramos.com.br\/\"},{\"@type\":\"ListItem\",\"position\":2,\"name\":\"Limpeza de caixa d&#8217;\u00e1gua\"}]},{\"@type\":\"WebSite\",\"@id\":\"https:\/\/dedetizadoraramos.com.br\/#website\",\"url\":\"https:\/\/dedetizadoraramos.com.br\/\",\"name\":\"Dedetizadora Ramos\",\"description\":\"Seguran\u00e7a e higiene para seu ambiente\",\"publisher\":{\"@id\":\"https:\/\/dedetizadoraramos.com.br\/#organization\"},\"potentialAction\":[{\"@type\":\"SearchAction\",\"target\":{\"@type\":\"EntryPoint\",\"urlTemplate\":\"https:\/\/dedetizadoraramos.com.br\/?s={search_term_string}\"},\"query-input\":{\"@type\":\"PropertyValueSpecification\",\"valueRequired\":true,\"valueName\":\"search_term_string\"}}],\"inLanguage\":\"pt-BR\"},{\"@type\":\"Organization\",\"@id\":\"https:\/\/dedetizadoraramos.com.br\/#organization\",\"name\":\"Dedetizadora Ramos\",\"url\":\"https:\/\/dedetizadoraramos.com.br\/\",\"logo\":{\"@type\":\"ImageObject\",\"inLanguage\":\"pt-BR\",\"@id\":\"https:\/\/dedetizadoraramos.com.br\/#\/schema\/logo\/image\/\",\"url\":\"https:\/\/dedetizadoraramos.com.br\/wp-content\/uploads\/2025\/01\/WhatsApp-Image-2025-01-27-at-12.49.56.jpeg\",\"contentUrl\":\"https:\/\/dedetizadoraramos.com.br\/wp-content\/uploads\/2025\/01\/WhatsApp-Image-2025-01-27-at-12.49.56.jpeg\",\"width\":1600,\"height\":583,\"caption\":\"Dedetizadora Ramos\"},\"image\":{\"@id\":\"https:\/\/dedetizadoraramos.com.br\/#\/schema\/logo\/image\/\"},\"sameAs\":[\"https:\/\/www.facebook.com\/ramosdedetizadora\",\"https:\/\/www.instagram.com\/dedetizadoraramos\/\"]}]}<\/script>\n<!-- \/ Yoast SEO plugin. -->","yoast_head_json":{"title":"Limpeza de caixa d'\u00e1gua - Dedetizadora Ramos","description":"Realizamos a higieniza\u00e7\u00e3o e a limpeza de caixa d'agua , deixamos limpa e livre de impurezas. Mais sa\u00fade e qualidade de vida para sua fam\u00edlia.","robots":{"index":"index","follow":"follow","max-snippet":"max-snippet:-1","max-image-preview":"max-image-preview:large","max-video-preview":"max-video-preview:-1"},"canonical":"https:\/\/dedetizadoraramos.com.br\/?page_id=466","og_locale":"pt_BR","og_type":"article","og_title":"Limpeza de caixa d'\u00e1gua - Dedetizadora Ramos","og_description":"Realizamos a higieniza\u00e7\u00e3o e a limpeza de caixa d'agua , deixamos limpa e livre de impurezas. Mais sa\u00fade e qualidade de vida para sua fam\u00edlia.","og_url":"https:\/\/dedetizadoraramos.com.br\/?page_id=466","og_site_name":"Dedetizadora Ramos","article_publisher":"https:\/\/www.facebook.com\/ramosdedetizadora","article_modified_time":"2025-01-29T16:32:19+00:00","og_image":[{"url":"https:\/\/dedetizadoraramos.com.br\/wp-content\/uploads\/2025\/01\/Design-sem-nome-28.png","type":"","width":"","height":""}],"twitter_card":"summary_large_image","twitter_misc":{"Est. tempo de leitura":"2 minutos"},"schema":{"@context":"https:\/\/schema.org","@graph":[{"@type":"WebPage","@id":"https:\/\/dedetizadoraramos.com.br\/?page_id=466","url":"https:\/\/dedetizadoraramos.com.br\/?page_id=466","name":"Limpeza de caixa d'\u00e1gua - Dedetizadora Ramos","isPartOf":{"@id":"https:\/\/dedetizadoraramos.com.br\/#website"},"primaryImageOfPage":{"@id":"https:\/\/dedetizadoraramos.com.br\/?page_id=466#primaryimage"},"image":{"@id":"https:\/\/dedetizadoraramos.com.br\/?page_id=466#primaryimage"},"thumbnailUrl":"https:\/\/dedetizadoraramos.com.br\/wp-content\/uploads\/2025\/01\/Design-sem-nome-28.png","datePublished":"2025-01-21T21:14:02+00:00","dateModified":"2025-01-29T16:32:19+00:00","description":"Realizamos a higieniza\u00e7\u00e3o e a limpeza de caixa d'agua , deixamos limpa e livre de impurezas. Mais sa\u00fade e qualidade de vida para sua fam\u00edlia.","breadcrumb":{"@id":"https:\/\/dedetizadoraramos.com.br\/?page_id=466#breadcrumb"},"inLanguage":"pt-BR","potentialAction":[{"@type":"ReadAction","target":["https:\/\/dedetizadoraramos.com.br\/?page_id=466"]}]},{"@type":"ImageObject","inLanguage":"pt-BR","@id":"https:\/\/dedetizadoraramos.com.br\/?page_id=466#primaryimage","url":"https:\/\/dedetizadoraramos.com.br\/wp-content\/uploads\/2025\/01\/Design-sem-nome-28.png","contentUrl":"https:\/\/dedetizadoraramos.com.br\/wp-content\/uploads\/2025\/01\/Design-sem-nome-28.png","width":500,"height":500,"caption":"Dedetizadora ramos"},{"@type":"BreadcrumbList","@id":"https:\/\/dedetizadoraramos.com.br\/?page_id=466#breadcrumb","itemListElement":[{"@type":"ListItem","position":1,"name":"In\u00edcio","item":"https:\/\/dedetizadoraramos.com.br\/"},{"@type":"ListItem","position":2,"name":"Limpeza de caixa d&#8217;\u00e1gua"}]},{"@type":"WebSite","@id":"https:\/\/dedetizadoraramos.com.br\/#website","url":"https:\/\/dedetizadoraramos.com.br\/","name":"Dedetizadora Ramos","description":"Seguran\u00e7a e higiene para seu ambiente","publisher":{"@id":"https:\/\/dedetizadoraramos.com.br\/#organization"},"potentialAction":[{"@type":"SearchAction","target":{"@type":"EntryPoint","urlTemplate":"https:\/\/dedetizadoraramos.com.br\/?s={search_term_string}"},"query-input":{"@type":"PropertyValueSpecification","valueRequired":true,"valueName":"search_term_string"}}],"inLanguage":"pt-BR"},{"@type":"Organization","@id":"https:\/\/dedetizadoraramos.com.br\/#organization","name":"Dedetizadora Ramos","url":"https:\/\/dedetizadoraramos.com.br\/","logo":{"@type":"ImageObject","inLanguage":"pt-BR","@id":"https:\/\/dedetizadoraramos.com.br\/#\/schema\/logo\/image\/","url":"https:\/\/dedetizadoraramos.com.br\/wp-content\/uploads\/2025\/01\/WhatsApp-Image-2025-01-27-at-12.49.56.jpeg","contentUrl":"https:\/\/dedetizadoraramos.com.br\/wp-content\/uploads\/2025\/01\/WhatsApp-Image-2025-01-27-at-12.49.56.jpeg","width":1600,"height":583,"caption":"Dedetizadora Ramos"},"image":{"@id":"https:\/\/dedetizadoraramos.com.br\/#\/schema\/logo\/image\/"},"sameAs":["https:\/\/www.facebook.com\/ramosdedetizadora","https:\/\/www.instagram.com\/dedetizadoraramos\/"]}]}},"_links":{"self":[{"href":"https:\/\/dedetizadoraramos.com.br\/index.php?rest_route=\/wp\/v2\/pages\/466","targetHints":{"allow":["GET"]}}],"collection":[{"href":"https:\/\/dedetizadoraramos.com.br\/index.php?rest_route=\/wp\/v2\/pages"}],"about":[{"href":"https:\/\/dedetizadoraramos.com.br\/index.php?rest_route=\/wp\/v2\/types\/page"}],"author":[{"embeddable":true,"href":"https:\/\/dedetizadoraramos.com.br\/index.php?rest_route=\/wp\/v2\/users\/1"}],"replies":[{"embeddable":true,"href":"https:\/\/dedetizadoraramos.com.br\/index.php?rest_route=%2Fwp%2Fv2%2Fcomments&post=466"}],"version-history":[{"count":55,"href":"https:\/\/dedetizadoraramos.com.br\/index.php?rest_route=\/wp\/v2\/pages\/466\/revisions"}],"predecessor-version":[{"id":1280,"href":"https:\/\/dedetizadoraramos.com.br\/index.php?rest_route=\/wp\/v2\/pages\/466\/revisions\/1280"}],"wp:attachment":[{"href":"https:\/\/dedetizadoraramos.com.br\/index.php?rest_route=%2Fwp%2Fv2%2Fmedia&parent=466"}],"curies":[{"name":"wp","href":"https:\/\/api.w.org\/{rel}","templated":true}]}}